{"id":19,"date":"2020-10-06T16:48:07","date_gmt":"2020-10-06T14:48:07","guid":{"rendered":"http:\/\/biokinetica.com\/o-nas\/"},"modified":"2025-01-29T10:28:14","modified_gmt":"2025-01-29T09:28:14","slug":"o-nas","status":"publish","type":"page","link":"https:\/\/biokinetica.com\/pl\/o-nas\/","title":{"rendered":"O nas"},"content":{"rendered":"<section class=\"py-7 py-md-9\">\n<div class=\"container container--narrow rce\">\n<div class=\"mb-5 mb-md-9 rce\">\n<h2 id=\"kim-jestesmy\" class=\"font-size-xxs font-weight-medium text-heading text-uppercase mb-4\">Kim jeste\u015bmy?<\/h2>\n<p class=\"font-size-lead font-weight-bold my-0\">Biokinetica to rozwijaj\u0105cy si\u0119 specjalistyczny o\u015brodek bada\u0144 klinicznych wczesnej fazy, zlokalizowany w rejonie Warszawy, z siedzib\u0105 w Berlinie i centrum operacyjnym w Warszawie.<\/p>\n<\/p><\/div>\n<div class=\" row\">\n<div class=\"col-24 col-md-11 order-2 order-md-1 rce\">\n<div class=\"ornament ornament--20y float-none float-md-right mr-0 mr-md-8\">\n    <svg class=\"icon ornament--20y__fractal\"><use xlink:href=\"https:\/\/biokinetica.com\/pl\/content\/themes\/biokinetica\/svg\/sprites.symbol.svg#ornament\"><\/use><\/svg>    <svg class=\"icon ornament--20y__diamond-1\"><use xlink:href=\"https:\/\/biokinetica.com\/pl\/content\/themes\/biokinetica\/svg\/sprites.symbol.svg#diamond\"><\/use><\/svg>    <svg class=\"icon ornament--20y__diamond-2\"><use xlink:href=\"https:\/\/biokinetica.com\/pl\/content\/themes\/biokinetica\/svg\/sprites.symbol.svg#diamond\"><\/use><\/svg>    <svg class=\"icon ornament--20y__oval-1\"><use xlink:href=\"https:\/\/biokinetica.com\/pl\/content\/themes\/biokinetica\/svg\/sprites.symbol.svg#oval\"><\/use><\/svg>    <svg class=\"icon ornament--20y__text\"><use xlink:href=\"https:\/\/biokinetica.com\/pl\/content\/themes\/biokinetica\/svg\/sprites.symbol.svg#20years\"><\/use><\/svg><\/div>\n<\/p><\/div>\n<div class=\"col-24 col-md-13 order-1 order-md-2 mb-6 mb-md-0 rce\">\n<ul class=\"list-arrows\">\n<li>Liderzy zespo\u0142\u00f3w z ponad 20-letnim do\u015bwiadczeniem w opracowywaniu lek\u00f3w we wczesnej fazie<\/li>\n<li>Do\u015bwiadczony zesp\u00f3\u0142 bada\u0144 klinicznych<\/li>\n<li>Eksperci i konsultanci z r\u00f3\u017cnych dziedzin medycyny<\/li>\n<li>Mi\u0119dzynarodowy zesp\u00f3\u0142 ekspert\u00f3w z obszern\u0105 wiedz\u0105 i do\u015bwiadczeniem z zakresu farmakologii klinicznej<\/li>\n<li>System i zesp\u00f3\u0142 zarz\u0105dzania jako\u015bci\u0105<\/li>\n<\/ul><\/div>\n<\/div>\n<div class=\"mt-8 row\">\n<div class=\"col-24 col-md-20 col-lg-16 offset-0 offset-md-2 offset-lg-4 rce\">\n<div class=\"row rce\">\n<div class=\"col-24 col-md text-center reveal-icon\">\n            <span class=\"icon__circle icon__circle-fill icon__circle-100 icon__circle-yellow-100\"><br \/>\n                <svg class=\"icon mt-n7 icon-100 icon-orange-500\"><use xlink:href=\"https:\/\/biokinetica.com\/pl\/content\/themes\/biokinetica\/svg\/sprites.symbol.svg#handshake\"><\/use><\/svg>            <\/span><\/p>\n<p class=\"font-size-xm\">Atrakcyjne terminy <br \/> dla ochotnik\u00f3w<\/p>\n<\/p><\/div>\n<div class=\"col-24 col-md text-center reveal-icon\">\n            <span class=\"icon__circle icon__circle-fill icon__circle-100 icon__circle-salmon-100\"><br \/>\n                <svg class=\"icon mt-n7 icon-82 icon-salmon-500\"><use xlink:href=\"https:\/\/biokinetica.com\/pl\/content\/themes\/biokinetica\/svg\/sprites.symbol.svg#hospital-bed-with-drip\"><\/use><\/svg>            <\/span><\/p>\n<p class=\"font-size-xm\">50 \u0142\u00f3\u017cek szpitalnych<br \/> pod ca\u0142odobowym<br \/> nadzorem medycznym<\/p>\n<\/p><\/div>\n<div class=\"col-24 col-md text-center reveal-icon\">\n            <span class=\"icon__circle icon__circle-fill icon__circle-100 icon__circle-blue-100\"><br \/>\n                <svg class=\"icon mt-n7 icon-82 icon-blue-500\"><use xlink:href=\"https:\/\/biokinetica.com\/pl\/content\/themes\/biokinetica\/svg\/sprites.symbol.svg#ambulance\"><\/use><\/svg>            <\/span><\/p>\n<p class=\"font-size-xm\">W\u0142asny<br \/> transport medyczny<\/p>\n<\/p><\/div>\n<\/p><\/div>\n<\/p><\/div>\n<div class=\"col-auto rce\">\n            <\/div>\n<\/div><\/div>\n<\/section>\n<section class=\"py-7 py-md-9 bg-gradient-gray-white reveal-section\">\n<div class=\"container container--narrow rce\">\n<div class=\"mb-8 mr-0 mr-md-9 pr-0 pr-md-9 rce\">\n<h2 id=\"nasz-osrodek\" class=\"font-size-xxs font-weight-medium text-heading text-uppercase mb-4\">Nasz o\u015brodek<\/h2>\n<p class=\"font-size-lead font-weight-bold mt-0 mb-4\">Dbamy o najwy\u017csze standardy bada\u0144, zawsze na pierwszym miejscu stawiamy dobro pacjent\u00f3w<\/p>\n<p>Nasz O\u015brodek Kliniczny zlokalizowany na terenie kampusu Centrum Kardiologii to nowoczesny oddzia\u0142 kliniczny z 2 &#8211; 4 sypialniami, idealnie wyposa\u017cony do bada\u0144 typu First-in-Man, bada\u0144 z intensywnym monitorowaniem kardiologicznym, np. u pacjent\u00f3w z chorobami uk\u0142adu kr\u0105\u017cenia. O\u015brodek Biokinetica prowadzony jest przez do\u015bwiadczony zesp\u00f3\u0142 lekarzy, piel\u0119gniarek i technik\u00f3w z wieloletnim do\u015bwiadczeniem w farmakologii klinicznej.<\/p>\n<\/p><\/div>\n<div class=\"mb-8 mb-md-9 rce\">\n<p><img loading=\"lazy\" class=\"alignnone size-full_down_2x wp-image-454\" src=\"https:\/\/biokinetica.com\/pl\/content\/uploads\/2020\/10\/biokinetica-klinika-1024x677.png\" alt=\"\" width=\"1024\" height=\"677\" srcset=\"https:\/\/biokinetica.com\/pl\/content\/uploads\/2020\/10\/biokinetica-klinika-1024x677.png 1024w, https:\/\/biokinetica.com\/pl\/content\/uploads\/2020\/10\/biokinetica-klinika-300x198.png 300w, https:\/\/biokinetica.com\/pl\/content\/uploads\/2020\/10\/biokinetica-klinika-768x508.png 768w, https:\/\/biokinetica.com\/pl\/content\/uploads\/2020\/10\/biokinetica-klinika-1536x1016.png 1536w, https:\/\/biokinetica.com\/pl\/content\/uploads\/2020\/10\/biokinetica-klinika-150x99.png 150w, https:\/\/biokinetica.com\/pl\/content\/uploads\/2020\/10\/biokinetica-klinika-600x397.png 600w, https:\/\/biokinetica.com\/pl\/content\/uploads\/2020\/10\/biokinetica-klinika-384x254.png 384w, https:\/\/biokinetica.com\/pl\/content\/uploads\/2020\/10\/biokinetica-klinika-512x339.png 512w, https:\/\/biokinetica.com\/pl\/content\/uploads\/2020\/10\/biokinetica-klinika.png 2048w\" sizes=\"(max-width: 1024px) 100vw, 1024px\" \/><\/p>\n<\/p><\/div>\n<div class=\" row\">\n<div class=\"col-24 col-md-20 rce\">\n<h2 class=\"font-size-lead font-weight-bold mt-0 mb-7\">Charakterystyka O\u015brodka Biokinetica<\/h2>\n<div class=\"row\">\n<div class=\"col-24 col-md-12 mb-0 mb-md-n7\">\n<div class=\"media align-items-center mb-7 reveal-icon\">\n                    <svg class=\"icon mr-5 icon-52 icon-salmon-400\"><use xlink:href=\"https:\/\/biokinetica.com\/pl\/content\/themes\/biokinetica\/svg\/sprites.symbol.svg#hospital-bed\"><\/use><\/svg>                    <\/p>\n<div class=\"media-body rce\">\n<h4 class=\"font-size-m font-weight-bold mb-1\">Nowoczesna klinika<\/h4>\n<p class=\"font-size-xs mt-1\">50 \u0142\u00f3\u017cek szpitalnych<\/p>\n<\/p><\/div>\n<\/p><\/div>\n<div class=\"media align-items-center mb-7 reveal-icon\">\n                    <svg class=\"icon mr-5 icon-52 icon-salmon-400\"><use xlink:href=\"https:\/\/biokinetica.com\/pl\/content\/themes\/biokinetica\/svg\/sprites.symbol.svg#shield\"><\/use><\/svg>                    <\/p>\n<div class=\"media-body rce\">\n<h4 class=\"font-size-m font-weight-bold mb-1\">Pe\u0142ne bezpiecze\u0144stwo<\/h4>\n<p class=\"font-size-xs mt-1\">monitoring medyczny 24\/7<\/p>\n<\/p><\/div>\n<\/p><\/div>\n<div class=\"media align-items-center mb-7 reveal-icon\">\n                    <svg class=\"icon mr-5 icon-52 icon-salmon-400\"><use xlink:href=\"https:\/\/biokinetica.com\/pl\/content\/themes\/biokinetica\/svg\/sprites.symbol.svg#aid-kit\"><\/use><\/svg>                    <\/p>\n<div class=\"media-body rce\">\n<h4 class=\"font-size-m font-weight-bold mb-1\">W\u0142asna apteka i laboratorium<\/h4>\n<p class=\"font-size-xs mt-1\">dost\u0119pne dla pacjent\u00f3w<\/p>\n<\/p><\/div>\n<\/p><\/div>\n<div class=\"media align-items-center mb-7 reveal-icon\">\n                    <svg class=\"icon mr-5 icon-52 icon-salmon-400\"><use xlink:href=\"https:\/\/biokinetica.com\/pl\/content\/themes\/biokinetica\/svg\/sprites.symbol.svg#network\"><\/use><\/svg>                    <\/p>\n<div class=\"media-body rce\">\n<h4 class=\"font-size-m font-weight-bold mb-1\">Sie\u0107 zakontraktowanych<\/h4>\n<p class=\"font-size-xs mt-1\">o\u015brodk\u00f3w diagnostycznych tj. endoskopia, CT, MRI itp.<\/p>\n<\/p><\/div>\n<\/p><\/div>\n<\/p><\/div>\n<div class=\"col-24 col-md-12 mb-n7\">\n<div class=\"media align-items-center mb-7 reveal-icon\">\n                    <svg class=\"icon mr-5 icon-52 icon-salmon-400\"><use xlink:href=\"https:\/\/biokinetica.com\/pl\/content\/themes\/biokinetica\/svg\/sprites.symbol.svg#star\"><\/use><\/svg>                    <\/p>\n<div class=\"media-body rce\">\n<h4 class=\"font-size-m font-weight-bold mb-1\">Najwy\u017csze standardy<\/h4>\n<p class=\"font-size-xs mt-1\">do prowadzenia bada\u0144 pierwszej fazy<\/p>\n<\/p><\/div>\n<\/p><\/div>\n<div class=\"media align-items-center mb-7 reveal-icon\">\n                    <svg class=\"icon mr-5 icon-52 icon-salmon-400\"><use xlink:href=\"https:\/\/biokinetica.com\/pl\/content\/themes\/biokinetica\/svg\/sprites.symbol.svg#medical-chart\"><\/use><\/svg>                    <\/p>\n<div class=\"media-body rce\">\n<h4 class=\"font-size-m font-weight-bold mb-1\">5-\u0142\u00f3\u017ckowy ECU<\/h4>\n<p class=\"font-size-xs mt-1\">z monitorowaniem pracy serca<\/p>\n<\/p><\/div>\n<\/p><\/div>\n<div class=\"media align-items-center mb-7 reveal-icon\">\n                    <svg class=\"icon mr-5 icon-52 icon-salmon-400\"><use xlink:href=\"https:\/\/biokinetica.com\/pl\/content\/themes\/biokinetica\/svg\/sprites.symbol.svg#microscope\"><\/use><\/svg>                    <\/p>\n<div class=\"media-body rce\">\n<h4 class=\"font-size-m font-weight-bold mb-1\">Specyficzne oceny<\/h4>\n<p class=\"font-size-xs mt-1\">np. testy czynno\u015bci p\u0142uc, echokardiografia, badanie wysi\u0142kowe itp.<\/p>\n<\/p><\/div>\n<\/p><\/div>\n<div class=\"media align-items-center mb-7 reveal-icon\">\n                    <svg class=\"icon mr-5 icon-52 icon-salmon-400\"><use xlink:href=\"https:\/\/biokinetica.com\/pl\/content\/themes\/biokinetica\/svg\/sprites.symbol.svg#drip\"><\/use><\/svg>                    <\/p>\n<div class=\"media-body rce\">\n<h4 class=\"font-size-m font-weight-bold mb-1\">W\u0142asna sala operacyjna<\/h4>\n<p class=\"font-size-xs mt-1\">z nowoczesnym wyposa\u017ceniem<\/p>\n<\/p><\/div>\n<\/p><\/div>\n<\/p><\/div>\n<\/p><\/div>\n<\/p><\/div>\n<div class=\"col-24 col-md-4 rce\">\n<div class=\"ornament ornament--5 float-right mt-0 mt-md-n10 mr-0 mr-md-n4\">\n    <svg class=\"icon ornament--5__fractal\"><use xlink:href=\"https:\/\/biokinetica.com\/pl\/content\/themes\/biokinetica\/svg\/sprites.symbol.svg#ornament\"><\/use><\/svg>    <svg class=\"icon ornament--5__diamond-1\"><use xlink:href=\"https:\/\/biokinetica.com\/pl\/content\/themes\/biokinetica\/svg\/sprites.symbol.svg#diamond\"><\/use><\/svg>    <svg class=\"icon ornament--5__oval-1\"><use xlink:href=\"https:\/\/biokinetica.com\/pl\/content\/themes\/biokinetica\/svg\/sprites.symbol.svg#oval\"><\/use><\/svg>    <\/p>\n<div class=\"ornament--5__dot ornament--5__dot--1\"><\/div>\n<div class=\"ornament--5__dot ornament--5__dot--2\"><\/div>\n<div class=\"ornament--5__dot ornament--5__dot--3\"><\/div>\n<div class=\"ornament--5__dot ornament--5__dot--4\"><\/div>\n<div class=\"ornament--5__dot ornament--5__dot--5\"><\/div>\n<\/div><\/div>\n<\/div><\/div>\n<\/section>\n<section class=\"\">\n<div class=\"container container--narrow rce\">\n<hr class=\"hr-2 my-0\" \/><\/div>\n<\/section>\n<section class=\"my-7 my-md-9 overflow-hidden\">\n<div class=\"container container--narrow rce\">\n<div class=\"mx-n6 mb-7 mb-md-10 align-items-center row\">\n<div class=\"col-24 col-md-8 px-6 order-2 order-md-1 rce\">\n<p><img loading=\"lazy\" class=\"img-fluid\" src=\"https:\/\/biokinetica.com\/pl\/content\/uploads\/2020\/10\/staff-338x625.jpg\" sizes=\"(max-width: 338px) 100vw, 338px\" srcset=\"https:\/\/biokinetica.com\/pl\/content\/uploads\/2020\/10\/staff-338x625.jpg 338w, https:\/\/biokinetica.com\/pl\/content\/uploads\/2020\/10\/staff-162x300.jpg 162w, https:\/\/biokinetica.com\/pl\/content\/uploads\/2020\/10\/staff-554x1024.jpg 554w, https:\/\/biokinetica.com\/pl\/content\/uploads\/2020\/10\/staff-81x150.jpg 81w, https:\/\/biokinetica.com\/pl\/content\/uploads\/2020\/10\/staff-324x600.jpg 324w, https:\/\/biokinetica.com\/pl\/content\/uploads\/2020\/10\/staff-384x710.jpg 384w, https:\/\/biokinetica.com\/pl\/content\/uploads\/2020\/10\/staff-277x512.jpg 277w, https:\/\/biokinetica.com\/pl\/content\/uploads\/2020\/10\/staff-415x768.jpg 415w, https:\/\/biokinetica.com\/pl\/content\/uploads\/2020\/10\/staff.jpg 676w\" alt=\"\" width=\"338\" height=\"625\" \/><\/p>\n<\/p><\/div>\n<div class=\"col-24 col-md-14 px-6 order-1 order-md-2 mb-4 mb-md-0 rce\">\n<h2 id=\"personel-medyczny\" class=\"font-size-xs font-weight-medium text-heading text-uppercase mb-4\">Personel medyczny<\/h2>\n<p class=\"font-size-lead font-weight-bold mt-0 mb-4\">Nieustanne doskonalenie i szkolenia naszego zespo\u0142u zapewnia nam utrzymanie wysokich standard\u00f3w jako\u015bci.<\/p>\n<p>Taki proces jest szczeg\u00f3lnie wa\u017cny w przypadku wymagaj\u0105cych projekt\u00f3w i z\u0142o\u017conych bada\u0144 pacjent\u00f3w w r\u00f3\u017cnych obszarach terapeutycznych.<\/p>\n<p>Nasz personel posiada do\u015bwiadczenie w podawaniu badanych produkt\u00f3w leczniczych (IMP) wszystkimi popularnymi drogami (doustnie, wziewnie, domi\u0119\u015bniowo, podsk\u00f3rnie i do\u017cylnie, miejscowo, itp.). Tak zwany \u201ezesp\u00f3\u0142 dozuj\u0105cy\u201d i nasz farmaceuta wiedz\u0105, jak wa\u017cne jest przygotowanie i podanie IMP dok\u0142adnie zgodnie z protoko\u0142em.<\/p>\n<p>Po otrzymaniu powiedomienia o przyznaniu projektu zostaje okre\u015blony zesp\u00f3\u0142 badawczy, kt\u00f3ry b\u0119dzie odpowiedzialny za pomy\u015blne przeprowadzenie badania. Zesp\u00f3\u0142 zostanie wybrany na podstawie jego og\u00f3lnej wiedzy i do\u015bwiadczenia z podobnymi rodzajami bada\u0144.<\/p>\n<\/p><\/div>\n<\/div>\n<div class=\"mx-n6 row\">\n<div class=\"col-24 col-md-6 px-6 order-2 order-md-1 rce\">\n<div class=\"ornament ornament--6 mt-0 mt-md-n9 ml-0 ml-md-n4\">\n    <svg class=\"icon ornament--6__fractal\"><use xlink:href=\"https:\/\/biokinetica.com\/pl\/content\/themes\/biokinetica\/svg\/sprites.symbol.svg#ornament\"><\/use><\/svg>    <svg class=\"icon ornament--6__diamond-1\"><use xlink:href=\"https:\/\/biokinetica.com\/pl\/content\/themes\/biokinetica\/svg\/sprites.symbol.svg#diamond\"><\/use><\/svg>    <svg class=\"icon ornament--6__diamond-2\"><use xlink:href=\"https:\/\/biokinetica.com\/pl\/content\/themes\/biokinetica\/svg\/sprites.symbol.svg#diamond\"><\/use><\/svg>    <svg class=\"icon ornament--6__oval-1\"><use xlink:href=\"https:\/\/biokinetica.com\/pl\/content\/themes\/biokinetica\/svg\/sprites.symbol.svg#oval\"><\/use><\/svg>    <\/p>\n<div class=\"ornament--6__dot ornament--6__dot--1\"><\/div>\n<div class=\"ornament--6__dot ornament--6__dot--2\"><\/div>\n<div class=\"ornament--6__dot ornament--6__dot--3\"><\/div>\n<div class=\"ornament--6__dot ornament--6__dot--4\"><\/div>\n<div class=\"ornament--6__dot ornament--6__dot--5\"><\/div>\n<\/div><\/div>\n<div class=\"col-24 col-md-16 px-6 order-1 order-md-2 rce\">\n<h3 class=\"font-size-l font-weight-bold mt-0 mb-4\">G\u0142\u00f3wny zesp\u00f3\u0142 badawczy Biokinetica jest koordynowany przez odpowiedzialnego kierownika projektu \/ koordynatora projektu.<\/h3>\n<p>Wyznaczony personel z ka\u017cdego dzia\u0142u (zesp\u00f3\u0142 kliniczny, farmacja, rekrutacja, laboratorium bezpiecze\u0144stwa itp.) jest zaanga\u017cowany w badanie od momentu przyznania mu nagrody za dotrzymanie termin\u00f3w i wynik\u00f3w badania. Ka\u017cdy kierownik zespo\u0142u wsp\u00f3\u0142pracuje z kierownikiem projektu, aby zapewni\u0107 rezerwacj\u0119 odpowiednich zasob\u00f3w na pocz\u0105tku badania, umo\u017cliwiaj\u0105c p\u0142ynne jego przeprowadzenie.<\/p>\n<div class=\"mt-6 rce\">\n<div class=\"row\">\n<div class=\"col-24 col-md-12 mb-0 mb-md-n6\">\n<div class=\"media align-items-center mb-6 reveal-icon\">\n                    <span class=\"icon__circle icon__circle-border icon__circle-border-2 icon__circle-64 icon__circle-salmon-400 mr-5\"><br \/>\n                        <span class=\"h3 font-weight-medium text-salmon\">20<\/span><br \/>\n                    <\/span><\/p>\n<div class=\"media-body rce\">\n<h4 class=\"font-size-m font-weight-bold mb-1\">lekarzy<\/h4>\n<p class=\"font-size-xs mt-1\">specjalist\u00f3w<\/p>\n<\/p><\/div>\n<\/p><\/div>\n<div class=\"media align-items-center mb-6 reveal-icon\">\n                    <span class=\"icon__circle icon__circle-border icon__circle-border-2 icon__circle-64 icon__circle-salmon-400 mr-5\"><br \/>\n                        <span class=\"h3 font-weight-medium text-salmon\">40<\/span><br \/>\n                    <\/span><\/p>\n<div class=\"media-body rce\">\n<h4 class=\"font-size-m font-weight-bold mb-1\">wykwalifikowanych<\/h4>\n<p class=\"font-size-xs mt-1\">piel\u0119gniarek<\/p>\n<\/p><\/div>\n<\/p><\/div>\n<div class=\"media align-items-center mb-6 reveal-icon\">\n                    <span class=\"icon__circle icon__circle-border icon__circle-border-2 icon__circle-64 icon__circle-salmon-400 mr-5\"><br \/>\n                        <span class=\"h3 font-weight-medium text-salmon\">4<\/span><br \/>\n                    <\/span><\/p>\n<div class=\"media-body rce\">\n<h4 class=\"font-size-m font-weight-bold mb-1\">certyfikowanych<\/h4>\n<p class=\"font-size-xs mt-1\">farmaceut\u00f3w<\/p>\n<\/p><\/div>\n<\/p><\/div>\n<\/p><\/div>\n<div class=\"col-24 col-md-12 mb-n6\">\n<div class=\"media align-items-center mb-6 reveal-icon\">\n                    <span class=\"icon__circle icon__circle-border icon__circle-border-2 icon__circle-64 icon__circle-salmon-400 mr-5\"><br \/>\n                        <span class=\"h3 font-weight-medium text-salmon\">10<\/span><br \/>\n                    <\/span><\/p>\n<div class=\"media-body rce\">\n<h4 class=\"font-size-m font-weight-bold mb-1\">koordynator\u00f3w<\/h4>\n<p class=\"font-size-xs mt-1\">projekt\u00f3w oraz bada\u0144<\/p>\n<\/p><\/div>\n<\/p><\/div>\n<div class=\"media align-items-center mb-6 reveal-icon\">\n                    <span class=\"icon__circle icon__circle-border icon__circle-border-2 icon__circle-64 icon__circle-salmon-400 mr-5\"><br \/>\n                        <span class=\"h3 font-weight-medium text-salmon\">15<\/span><br \/>\n                    <\/span><\/p>\n<div class=\"media-body rce\">\n<h4 class=\"font-size-m font-weight-bold mb-1\">technik\u00f3w<\/h4>\n<p class=\"font-size-xs mt-1\">laboratoryjnych<\/p>\n<\/p><\/div>\n<\/p><\/div>\n<\/p><\/div>\n<\/p><\/div>\n<\/p><\/div>\n<\/p><\/div>\n<\/div><\/div>\n<\/section>\n","protected":false},"excerpt":{"rendered":"<p>Kim jeste\u015bmy? Biokinetica to rozwijaj\u0105cy si\u0119 specjalistyczny o\u015brodek bada\u0144 klinicznych wczesnej fazy, zlokalizowany w rejonie Warszawy, z siedzib\u0105 w Berlinie i centrum operacyjnym w Warszawie. Liderzy zespo\u0142\u00f3w z ponad 20-letnim do\u015bwiadczeniem w opracowywaniu lek\u00f3w we wczesnej fazie Do\u015bwiadczony zesp\u00f3\u0142 bada\u0144 klinicznych Eksperci i konsultanci z r\u00f3\u017cnych dziedzin medycyny Mi\u0119dzynarodowy zesp\u00f3\u0142 ekspert\u00f3w z obszern\u0105 wiedz\u0105 i [&hellip;]<\/p>\n","protected":false},"author":2,"featured_media":0,"parent":0,"menu_order":0,"comment_status":"closed","ping_status":"closed","template":"","meta":[],"_links":{"self":[{"href":"https:\/\/biokinetica.com\/pl\/wp-json\/wp\/v2\/pages\/19"}],"collection":[{"href":"https:\/\/biokinetica.com\/pl\/wp-json\/wp\/v2\/pages"}],"about":[{"href":"https:\/\/biokinetica.com\/pl\/wp-json\/wp\/v2\/types\/page"}],"author":[{"embeddable":true,"href":"https:\/\/biokinetica.com\/pl\/wp-json\/wp\/v2\/users\/2"}],"replies":[{"embeddable":true,"href":"https:\/\/biokinetica.com\/pl\/wp-json\/wp\/v2\/comments?post=19"}],"version-history":[{"count":35,"href":"https:\/\/biokinetica.com\/pl\/wp-json\/wp\/v2\/pages\/19\/revisions"}],"predecessor-version":[{"id":1660,"href":"https:\/\/biokinetica.com\/pl\/wp-json\/wp\/v2\/pages\/19\/revisions\/1660"}],"wp:attachment":[{"href":"https:\/\/biokinetica.com\/pl\/wp-json\/wp\/v2\/media?parent=19"}],"curies":[{"name":"wp","href":"https:\/\/api.w.org\/{rel}","templated":true}]}}