{"id":36,"date":"2020-10-06T16:48:40","date_gmt":"2020-10-06T14:48:40","guid":{"rendered":"http:\/\/biokinetica.com\/jak-wziac-udzial-w-naszym-badaniu\/"},"modified":"2023-03-31T11:51:42","modified_gmt":"2023-03-31T09:51:42","slug":"jak-wziac-udzial-badaniu","status":"publish","type":"page","link":"https:\/\/biokinetica.com\/pl\/dla-ochotnika\/jak-wziac-udzial-badaniu\/","title":{"rendered":"Jak wzi\u0105\u0107 udzia\u0142 w badaniu?"},"content":{"rendered":"<section class=\"py-7 py-md-9\">\n<div class=\"container container--narrow rce\">\n<div class=\"align-items-center mx-n6 row\">\n<div class=\"col-24 col-md-14 px-6 mb-6 mb-md-0 rce\">\n<div class=\"mb-8 media rce\" >\n<div class=\"reveal-item\"><span class=\"icon__circle icon__circle-fill icon__circle-100 icon__circle-salmon-100 mr-4 mr-md-7 icon-path-1\" ><svg class=\"icon icon-52 icon-salmon-500 mr-n2\" ><use xlink:href=\"https:\/\/biokinetica.com\/pl\/content\/themes\/biokinetica\/svg\/sprites.symbol.svg#scheme-document\"><\/use><\/svg><\/span><\/div>\n<div class=\"media-body rce\">\n<h3 class=\"h4 font-weight-bold mb-3\">Rejestracja<\/h3>\n<p class=\"my-3\">Aby wzi\u0105\u0107 udzia\u0142 w badaniu klinicznym nale\u017cy <a class=\"text-salmon\" href=\"https:\/\/biokinetica.com\/pl\/zglos-sie-na-badania\/\">zarejestrowa\u0107 si\u0119<\/a> w naszej bazie ochotnik\u00f3w.<\/p>\n<p class=\"mt-3 font-weight-bold\">Nast\u0119pnie oczekuj na kontakt z naszej strony.<\/p>\n<\/p><\/div>\n<\/div>\n<div class=\" media rce\" >\n<div class=\"reveal-item\"><span class=\"icon__circle icon__circle-fill icon__circle-100 mr-4 mr-md-7 icon-path-2\" ><svg class=\"icon icon-100 icon-salmon-400 rotate360\" ><use xlink:href=\"https:\/\/biokinetica.com\/pl\/content\/themes\/biokinetica\/svg\/sprites.symbol.svg#ornament\"><\/use><\/svg><\/span><\/div>\n<div class=\"media-body rce\">\n<p class=\"h4 font-weight-extra-bold\">Je\u015bli spe\u0142niasz kryteria w\u0142\u0105czenia<br \/>\ndo badania to na pewno si\u0119<br \/>\ndo Ciebie odezwiemy!<\/p>\n<\/p><\/div>\n<\/div><\/div>\n<div class=\"col-24 col-md-10 px-6 rce\">\n<p><img loading=\"lazy\" class=\"img-fluid alignnone wp-image-966 size-full\" src=\"https:\/\/biokinetica.com\/content\/uploads\/2021\/09\/tubes-1.jpg\" alt=\"\" width=\"821\" height=\"790\" srcset=\"https:\/\/biokinetica.com\/pl\/content\/uploads\/2021\/09\/tubes-1.jpg 821w, https:\/\/biokinetica.com\/pl\/content\/uploads\/2021\/09\/tubes-1-300x289.jpg 300w, https:\/\/biokinetica.com\/pl\/content\/uploads\/2021\/09\/tubes-1-768x739.jpg 768w, https:\/\/biokinetica.com\/pl\/content\/uploads\/2021\/09\/tubes-1-150x144.jpg 150w, https:\/\/biokinetica.com\/pl\/content\/uploads\/2021\/09\/tubes-1-600x577.jpg 600w, https:\/\/biokinetica.com\/pl\/content\/uploads\/2021\/09\/tubes-1-384x370.jpg 384w, https:\/\/biokinetica.com\/pl\/content\/uploads\/2021\/09\/tubes-1-512x493.jpg 512w, https:\/\/biokinetica.com\/pl\/content\/uploads\/2021\/09\/tubes-1-410x395.jpg 410w\" sizes=\"(max-width: 821px) 100vw, 821px\" \/><\/p>\n<\/p><\/div>\n<\/div><\/div>\n<\/section>\n<section class=\"py-7 py-md-9 bg-gradient-gray-white\">\n<div class=\"container container--narrow rce\">\n<div class=\"mb-8 media rce\" >\n<div class=\"reveal-item\"><svg class=\"icon icon-100 mr-4 mr-md-7 d-none d-md-block\" ><use xlink:href=\"https:\/\/biokinetica.com\/pl\/content\/themes\/biokinetica\/svg\/sprites.symbol.svg#\"><\/use><\/svg><\/div>\n<div class=\"media-body rce\">\n<h2>Twoje obowi\u0105zkowe wizyty w o\u015brodku<br \/>\nbada\u0144 klinicznych:<\/h2>\n<\/p><\/div>\n<\/div>\n<div class=\"mb-8 media rce\" >\n<div class=\"reveal-item\"><span class=\"icon__circle icon__circle-fill icon__circle-100 icon__circle-purple-100 mr-4 mr-md-7 icon-path-3\" ><svg class=\"icon icon-52 icon-purple-600\" ><use xlink:href=\"https:\/\/biokinetica.com\/pl\/content\/themes\/biokinetica\/svg\/sprites.symbol.svg#stethoscope\"><\/use><\/svg><\/span><\/div>\n<div class=\"media-body rce\">\n<h3 class=\"h4 font-weight-bold mb-3\">Ocena stanu zdrowia<\/h3>\n<ul class=\"list-arrows mt-3\">\n<li>Badanie na obecno\u015b\u0107 COVID-19<\/li>\n<li>Wizyta oceniaj\u0105ca Tw\u00f3j stan zdrowia \u2013 rozmowa z lekarzem oraz badania kontrolne<\/li>\n<\/ul><\/div>\n<\/div>\n<div class=\"mb-8 media rce\" >\n<div class=\"reveal-item\"><span class=\"icon__circle icon__circle-fill icon__circle-100 icon__circle-mint-100 mr-4 mr-md-7 icon-path-4\" ><svg class=\"icon icon-52 icon-mint-500\" ><use xlink:href=\"https:\/\/biokinetica.com\/pl\/content\/themes\/biokinetica\/svg\/sprites.symbol.svg#hospital\"><\/use><\/svg><\/span><\/div>\n<div class=\"media-body rce\">\n<h3 class=\"h4 font-weight-bold mb-3\">Hospitalizacja<\/h3>\n<p class=\"mt-3\">zazwyczaj 2-5 dni \u2013 podanie substancji badanej<\/p>\n<\/p><\/div>\n<\/div>\n<div class=\"mb-8 media rce\" >\n<div class=\"reveal-item\"><span class=\"icon__circle icon__circle-fill icon__circle-100 icon__circle-blue-100 mr-4 mr-md-7 icon-path-5\" ><svg class=\"icon icon-52 icon-blue-500\" ><use xlink:href=\"https:\/\/biokinetica.com\/pl\/content\/themes\/biokinetica\/svg\/sprites.symbol.svg#nurse\"><\/use><\/svg><\/span><\/div>\n<div class=\"media-body rce\">\n<h3 class=\"h4 font-weight-bold mb-3\">Wizyty ambulatoryjne \u2013 kontrolne<\/h3>\n<p class=\"mt-3\">od kliku do kilkunastu<\/p>\n<\/p><\/div>\n<\/div>\n<div class=\"align-items-center media rce\" >\n<div class=\"reveal-item\"><span class=\"icon__circle icon__circle-fill icon__circle-100 icon__circle-yellow-100 mr-4 mr-md-7\" ><svg class=\"icon icon-52 icon-orange-500\" ><use xlink:href=\"https:\/\/biokinetica.com\/pl\/content\/themes\/biokinetica\/svg\/sprites.symbol.svg#coins-hand\"><\/use><\/svg><\/span><\/div>\n<div class=\"media-body rce\">\n<h3 class=\"h4 font-weight-bold mb-3\">Wyp\u0142ata rekompensaty<br \/>\nod 12 000 z\u0142 do 19 000 z\u0142<\/h3>\n<\/p><\/div>\n<\/div>\n<hr class=\"hr-2 my-8\" \/>\n<p class=\"text-center font-size-l font-weight-bold mb-6\">Chcesz zg\u0142osi\u0107 si\u0119 na badania? <a class=\"link-salmon text-underline\" href=\"\/pl\/zglos-sie-na-badania\">Wype\u0142nij formularz<\/a><\/p>\n<p class=\"text-center\"><a class=\"btn btn-md btn-purple-gradient\"  href=\"https:\/\/biokinetica.com\/pl\/badania\/\" >Zobacz aktualne badania <svg class=\"icon icon-12 icon-white ml-5\" ><use xlink:href=\"https:\/\/biokinetica.com\/pl\/content\/themes\/biokinetica\/svg\/sprites.symbol.svg#arrow-2-right\"><\/use><\/svg><\/a><\/p>\n<\/p><\/div>\n<\/section>\n","protected":false},"excerpt":{"rendered":"<p>Rejestracja Aby wzi\u0105\u0107 udzia\u0142 w badaniu klinicznym nale\u017cy zarejestrowa\u0107 si\u0119 w naszej bazie ochotnik\u00f3w. Nast\u0119pnie oczekuj na kontakt z naszej strony. Je\u015bli spe\u0142niasz kryteria w\u0142\u0105czenia do badania to na pewno si\u0119 do Ciebie odezwiemy! Twoje obowi\u0105zkowe wizyty w o\u015brodku bada\u0144 klinicznych: Ocena stanu zdrowia Badanie na obecno\u015b\u0107 COVID-19 Wizyta oceniaj\u0105ca Tw\u00f3j stan zdrowia \u2013 rozmowa [&hellip;]<\/p>\n","protected":false},"author":2,"featured_media":0,"parent":150,"menu_order":0,"comment_status":"closed","ping_status":"closed","template":"","meta":[],"_links":{"self":[{"href":"https:\/\/biokinetica.com\/pl\/wp-json\/wp\/v2\/pages\/36"}],"collection":[{"href":"https:\/\/biokinetica.com\/pl\/wp-json\/wp\/v2\/pages"}],"about":[{"href":"https:\/\/biokinetica.com\/pl\/wp-json\/wp\/v2\/types\/page"}],"author":[{"embeddable":true,"href":"https:\/\/biokinetica.com\/pl\/wp-json\/wp\/v2\/users\/2"}],"replies":[{"embeddable":true,"href":"https:\/\/biokinetica.com\/pl\/wp-json\/wp\/v2\/comments?post=36"}],"version-history":[{"count":30,"href":"https:\/\/biokinetica.com\/pl\/wp-json\/wp\/v2\/pages\/36\/revisions"}],"predecessor-version":[{"id":1400,"href":"https:\/\/biokinetica.com\/pl\/wp-json\/wp\/v2\/pages\/36\/revisions\/1400"}],"up":[{"embeddable":true,"href":"https:\/\/biokinetica.com\/pl\/wp-json\/wp\/v2\/pages\/150"}],"wp:attachment":[{"href":"https:\/\/biokinetica.com\/pl\/wp-json\/wp\/v2\/media?parent=36"}],"curies":[{"name":"wp","href":"https:\/\/api.w.org\/{rel}","templated":true}]}}