{"id":39,"date":"2020-10-06T16:48:42","date_gmt":"2020-10-06T14:48:42","guid":{"rendered":"http:\/\/biokinetica.com\/kto-moze-brac-udzial-w-badaniach\/"},"modified":"2025-01-09T15:27:34","modified_gmt":"2025-01-09T14:27:34","slug":"kto-moze-brac-udzial-w-badaniach","status":"publish","type":"page","link":"https:\/\/biokinetica.com\/pl\/dla-ochotnika\/kto-moze-brac-udzial-w-badaniach\/","title":{"rendered":"Kto mo\u017ce bra\u0107 udzia\u0142 w badaniach?"},"content":{"rendered":"<section class=\"pt-7 pt-md-9 overflow-hidden\">\n<div class=\"container container--narrow rce\">\n<div class=\"mx-n6 align-items-center row\">\n<div class=\"col-24 col-md-10 px-6 order-2 order-md-1 rce\">\n<div class=\"ornament__wrapper rce\">\n<div>\n<div class=\"ornament ornament--patient-1 \">\n    <svg class=\"icon ornament--patient-1__diamond-1\"><use xlink:href=\"https:\/\/biokinetica.com\/pl\/content\/themes\/biokinetica\/svg\/sprites.symbol.svg#diamond\"><\/use><\/svg>    <svg class=\"icon ornament--patient-1__diamond-2\"><use xlink:href=\"https:\/\/biokinetica.com\/pl\/content\/themes\/biokinetica\/svg\/sprites.symbol.svg#diamond\"><\/use><\/svg>    <svg class=\"icon ornament--patient-1__oval-1\"><use xlink:href=\"https:\/\/biokinetica.com\/pl\/content\/themes\/biokinetica\/svg\/sprites.symbol.svg#oval\"><\/use><\/svg>    <\/p>\n<div class=\"ornament--patient-1__dot ornament--patient-1__dot--1\"><\/div>\n<div class=\"ornament--patient-1__dot ornament--patient-1__dot--2\"><\/div>\n<div class=\"ornament--patient-1__dot ornament--patient-1__dot--3\"><\/div>\n<\/div>\n<p><img loading=\"lazy\" class=\"img-fluid img-30 img-md-100 px-6 px-md-0 mt-6 mt-md-0 alignnone wp-image-309 size-full_down_2x\" src=\"https:\/\/biokinetica.com\/content\/uploads\/2020\/10\/patient-1-1-364x545.png\" alt=\"\" width=\"364\" height=\"545\" srcset=\"https:\/\/biokinetica.com\/pl\/content\/uploads\/2020\/10\/patient-1-1-364x545.png 364w, https:\/\/biokinetica.com\/pl\/content\/uploads\/2020\/10\/patient-1-1-200x300.png 200w, https:\/\/biokinetica.com\/pl\/content\/uploads\/2020\/10\/patient-1-1-684x1024.png 684w, https:\/\/biokinetica.com\/pl\/content\/uploads\/2020\/10\/patient-1-1-100x150.png 100w, https:\/\/biokinetica.com\/pl\/content\/uploads\/2020\/10\/patient-1-1-401x600.png 401w, https:\/\/biokinetica.com\/pl\/content\/uploads\/2020\/10\/patient-1-1-384x575.png 384w, https:\/\/biokinetica.com\/pl\/content\/uploads\/2020\/10\/patient-1-1-342x512.png 342w, https:\/\/biokinetica.com\/pl\/content\/uploads\/2020\/10\/patient-1-1-513x768.png 513w, https:\/\/biokinetica.com\/pl\/content\/uploads\/2020\/10\/patient-1-1.png 729w\" sizes=\"(max-width: 364px) 100vw, 364px\" \/><\/div>\n<\/p><\/div>\n<\/p><\/div>\n<div class=\"col-24 col-md-14 px-6 order-1 order-md-2 mb-6 mb-md-0 rce\">\n<h2 id=\"zdrowi-ochotnicy\">Zdrowi ochotnicy<\/h2>\n<hr class=\"hr-2\" \/>\n<p>Biokinetica to o\u015brodek bada\u0144 klinicznych, w kt\u00f3rym prowadzone s\u0105 mi\u0119dzy innymi badania pierwszej fazy dla zdrowych ochotnik\u00f3w. Oznacza to, \u017ce produkt badany jest podawany zdrowemu ochotnikowi. To pacjenci decyduj\u0105 w jakim badaniu wezm\u0105 udzia\u0142 tzn. jaki produkt badany b\u0119dzie im podany. Przez ca\u0142y czas trwania badania kliniczego monitorowany jest stan zdrowia uczestnik\u00f3w<\/p>\n<p>Je\u017celi jeste\u015b zdrowy i masz sko\u0144czone 18 lat, zarejestruj si\u0119 w naszej bazie. Po wype\u0142nieniu formularza odezwiemy si\u0119 do Ciebie i um\u00f3wimy ci\u0119 na pierwsz\u0105 wizyt\u0119 w naszym o\u015brodku.<\/p>\n<p><a class=\"btn btn-salmon btn-md\"  href=\"https:\/\/biokinetica.com\/pl\/dla-ochotnika\/jak-wziac-udzial-badaniu\/\" >Jak wzi\u0105\u0107 udzia\u0142 w badaniu?<\/a> <a class=\"btn btn-link btn-md font-weight-bold py-5 py-md-0 px-4 px-md-0 ml-0 ml-md-5\"  href=\"https:\/\/biokinetica.com\/pl\/dla-ochotnika\/podstawowe-informacje-o-badaniach\/\" >Podstawowe informacje o badaniach<svg class=\"icon icon-12 icon-primary ml-4\" ><use xlink:href=\"https:\/\/biokinetica.com\/pl\/content\/themes\/biokinetica\/svg\/sprites.symbol.svg#arrow-2-right\"><\/use><\/svg><\/a><\/p>\n<\/p><\/div>\n<\/div><\/div>\n<\/section>\n<section class=\"pt-7 pt-md-9 mb-7 mb-md-9 bg-gradient-gray-white overflow-hidden\">\n<div class=\"container container--narrow rce\">\n<div class=\"mx-n6 align-items-center row\">\n<div class=\"col-24 col-md-15 px-6 mb-6 mb-md-0 rce\">\n<h2 id=\"ochotnicy-ze-zdiagnozowanymi-chorobami\">Ochotnicy ze zdiagnozowanymi<br \/>\nchorobami<\/h2>\n<hr class=\"hr-2\" \/>\n<p>W o\u015brodku Biokinetica prowadzimy r\u00f3wnie\u017c badania pierwszej fazy dla ochotnik\u00f3w ze zdiagnozowanymi chorobami. Oznacza to, \u017ce produkt badany jest podawany ochotnikowi ze zdiagnozowanymi chorobami. To pacjenci decyduj\u0105 w jakim badaniu wezm\u0105 udzia\u0142 tzn. jaki produkt badany b\u0119dzie im podany.<\/p>\n<p>Zapoznaj si\u0119 z aktualnie prowadzonymi przez nas badaniami. Aby wzi\u0105\u0107 w nich udzia\u0142 zarejestruj si\u0119 w naszej bazie pacjent\u00f3w.<\/p>\n<p><a class=\"btn btn-salmon btn-md\"  href=\"https:\/\/biokinetica.com\/pl\/dla-ochotnika\/jak-wziac-udzial-badaniu\/\" >Jak wzi\u0105\u0107 udzia\u0142 w badaniu?<\/a> <a class=\"btn btn-link btn-md font-weight-bold py-5 py-md-0 px-4 px-md-0 ml-0 ml-md-5\"  href=\"https:\/\/biokinetica.com\/pl\/dla-ochotnika\/podstawowe-informacje-o-badaniach\/\" >Podstawowe informacje o badaniach<svg class=\"icon icon-12 icon-primary ml-4\" ><use xlink:href=\"https:\/\/biokinetica.com\/pl\/content\/themes\/biokinetica\/svg\/sprites.symbol.svg#arrow-2-right\"><\/use><\/svg><\/a><\/p>\n<\/p><\/div>\n<div class=\"col-24 col-md-9 px-6 rce\">\n<div class=\"ornament__wrapper rce\">\n<div>\n<div class=\"ornament ornament--patient-2 \">\n    <svg class=\"icon ornament--patient-2__diamond-1\"><use xlink:href=\"https:\/\/biokinetica.com\/pl\/content\/themes\/biokinetica\/svg\/sprites.symbol.svg#diamond\"><\/use><\/svg>    <svg class=\"icon ornament--patient-2__oval-1\"><use xlink:href=\"https:\/\/biokinetica.com\/pl\/content\/themes\/biokinetica\/svg\/sprites.symbol.svg#oval\"><\/use><\/svg>    <\/p>\n<div class=\"ornament--patient-2__dot ornament--patient-2__dot--1\"><\/div>\n<div class=\"ornament--patient-2__dot ornament--patient-2__dot--2\"><\/div>\n<div class=\"ornament--patient-2__dot ornament--patient-2__dot--3\"><\/div>\n<\/div>\n<p><img loading=\"lazy\" class=\"img-fluid img-30 img-md-100 px-6 px-md-0 mt-6 mt-md-0 alignnone wp-image-300 size-full_down_2x\" src=\"https:\/\/biokinetica.com\/content\/uploads\/2020\/10\/ochotnicy-315x547.png\" alt=\"\" width=\"315\" height=\"547\" srcset=\"https:\/\/biokinetica.com\/pl\/content\/uploads\/2020\/10\/ochotnicy-315x547.png 315w, https:\/\/biokinetica.com\/pl\/content\/uploads\/2020\/10\/ochotnicy-173x300.png 173w, https:\/\/biokinetica.com\/pl\/content\/uploads\/2020\/10\/ochotnicy-589x1024.png 589w, https:\/\/biokinetica.com\/pl\/content\/uploads\/2020\/10\/ochotnicy-86x150.png 86w, https:\/\/biokinetica.com\/pl\/content\/uploads\/2020\/10\/ochotnicy-345x600.png 345w, https:\/\/biokinetica.com\/pl\/content\/uploads\/2020\/10\/ochotnicy-384x667.png 384w, https:\/\/biokinetica.com\/pl\/content\/uploads\/2020\/10\/ochotnicy-295x512.png 295w, https:\/\/biokinetica.com\/pl\/content\/uploads\/2020\/10\/ochotnicy-442x768.png 442w, https:\/\/biokinetica.com\/pl\/content\/uploads\/2020\/10\/ochotnicy.png 630w\" sizes=\"(max-width: 315px) 100vw, 315px\" \/><\/div>\n<\/p><\/div>\n<\/p><\/div>\n<\/div>\n<hr class=\"hr-2 mt-0 mb-8\" \/>\n<p class=\"text-center font-size-l font-weight-bold mb-6\">Chcesz zg\u0142osi\u0107 si\u0119 na badania? <a class=\"link-salmon text-underline\" href=\"https:\/\/biokinetica.com\/pl\/zglos-sie-na-badania\/\">Wype\u0142nij formularz<\/a><\/p>\n<p class=\"text-center\"><a class=\"btn btn-md btn-purple-gradient\"  href=\"https:\/\/biokinetica.com\/pl\/badania\/\" >Zobacz aktualne badania <svg class=\"icon icon-12 icon-white ml-5\" ><use xlink:href=\"https:\/\/biokinetica.com\/pl\/content\/themes\/biokinetica\/svg\/sprites.symbol.svg#arrow-2-right\"><\/use><\/svg><\/a><\/p>\n<\/p><\/div>\n<\/section>\n","protected":false},"excerpt":{"rendered":"<p>Zdrowi ochotnicy Biokinetica to o\u015brodek bada\u0144 klinicznych, w kt\u00f3rym prowadzone s\u0105 mi\u0119dzy innymi badania pierwszej fazy dla zdrowych ochotnik\u00f3w. Oznacza to, \u017ce produkt badany jest podawany zdrowemu ochotnikowi. To pacjenci decyduj\u0105 w jakim badaniu wezm\u0105 udzia\u0142 tzn. jaki produkt badany b\u0119dzie im podany. Przez ca\u0142y czas trwania badania kliniczego monitorowany jest stan zdrowia uczestnik\u00f3w Je\u017celi [&hellip;]<\/p>\n","protected":false},"author":2,"featured_media":0,"parent":150,"menu_order":0,"comment_status":"closed","ping_status":"closed","template":"","meta":[],"_links":{"self":[{"href":"https:\/\/biokinetica.com\/pl\/wp-json\/wp\/v2\/pages\/39"}],"collection":[{"href":"https:\/\/biokinetica.com\/pl\/wp-json\/wp\/v2\/pages"}],"about":[{"href":"https:\/\/biokinetica.com\/pl\/wp-json\/wp\/v2\/types\/page"}],"author":[{"embeddable":true,"href":"https:\/\/biokinetica.com\/pl\/wp-json\/wp\/v2\/users\/2"}],"replies":[{"embeddable":true,"href":"https:\/\/biokinetica.com\/pl\/wp-json\/wp\/v2\/comments?post=39"}],"version-history":[{"count":47,"href":"https:\/\/biokinetica.com\/pl\/wp-json\/wp\/v2\/pages\/39\/revisions"}],"predecessor-version":[{"id":1654,"href":"https:\/\/biokinetica.com\/pl\/wp-json\/wp\/v2\/pages\/39\/revisions\/1654"}],"up":[{"embeddable":true,"href":"https:\/\/biokinetica.com\/pl\/wp-json\/wp\/v2\/pages\/150"}],"wp:attachment":[{"href":"https:\/\/biokinetica.com\/pl\/wp-json\/wp\/v2\/media?parent=39"}],"curies":[{"name":"wp","href":"https:\/\/api.w.org\/{rel}","templated":true}]}}