{"id":44,"date":"2020-10-06T16:48:49","date_gmt":"2020-10-06T14:48:49","guid":{"rendered":"http:\/\/biokinetica.com\/zglos-sie-na-badania\/"},"modified":"2025-04-02T12:50:18","modified_gmt":"2025-04-02T10:50:18","slug":"zglos-sie-na-badania","status":"publish","type":"page","link":"https:\/\/biokinetica.com\/pl\/zglos-sie-na-badania\/","title":{"rendered":"Zg\u0142o\u015b si\u0119 na badania"},"content":{"rendered":"","protected":false},"excerpt":{"rendered":"","protected":false},"author":5,"featured_media":0,"parent":0,"menu_order":0,"comment_status":"closed","ping_status":"closed","template":"template-study-form.php","meta":[],"_links":{"self":[{"href":"https:\/\/biokinetica.com\/pl\/wp-json\/wp\/v2\/pages\/44"}],"collection":[{"href":"https:\/\/biokinetica.com\/pl\/wp-json\/wp\/v2\/pages"}],"about":[{"href":"https:\/\/biokinetica.com\/pl\/wp-json\/wp\/v2\/types\/page"}],"author":[{"embeddable":true,"href":"https:\/\/biokinetica.com\/pl\/wp-json\/wp\/v2\/users\/5"}],"replies":[{"embeddable":true,"href":"https:\/\/biokinetica.com\/pl\/wp-json\/wp\/v2\/comments?post=44"}],"version-history":[{"count":1,"href":"https:\/\/biokinetica.com\/pl\/wp-json\/wp\/v2\/pages\/44\/revisions"}],"predecessor-version":[{"id":1690,"href":"https:\/\/biokinetica.com\/pl\/wp-json\/wp\/v2\/pages\/44\/revisions\/1690"}],"wp:attachment":[{"href":"https:\/\/biokinetica.com\/pl\/wp-json\/wp\/v2\/media?parent=44"}],"curies":[{"name":"wp","href":"https:\/\/api.w.org\/{rel}","templated":true}]}}