{"id":610,"date":"2020-11-13T14:58:43","date_gmt":"2020-11-13T13:58:43","guid":{"rendered":"https:\/\/biokinetica.com\/?page_id=610"},"modified":"2023-09-12T09:46:13","modified_gmt":"2023-09-12T07:46:13","slug":"opo","status":"publish","type":"page","link":"https:\/\/biokinetica.com\/pl\/opo\/","title":{"rendered":"Regulamin kampanii \u201eOchotnik poleca ochotnika\u201d"},"content":{"rendered":"<section class=\"pt-7 pt-md-9 overflow-hidden\">\n<div class=\"container container--narrow rce\">\n<h2 id=\"ochotnicy-ze-zdiagnozowanymi-chorobami\">Regulamin kampanii \u201eOchotnik poleca ochotnika\u201d<\/h2>\n<ol>\n<li class=\"p2\">\n<h4><b>Postanowienia og\u00f3lne<\/b><\/h4>\n<ol>\n<li class=\"p2\">Regulamin okre\u015bla warunki kampanii: \u201eOchotnik poleca ochotnika\u201d prowadzonej w: serwisie spo\u0142eczno\u015bciowym Facebook Biokinetica oraz rozpowszechnianej w formie wiadomo\u015bci SMS, a tak\u017ce na stronie internetowej Organizatora (dalej \u201e<b>Kampania<\/b>\u201d).<\/li>\n<li class=\"p2\">Organizatorem kampanii jest Biokinetica S.A z siedzib\u0105 w J\u00f3zefowie, przy ul. Nadwi\u015bla\u0144skiej 37, 05-410 J\u00f3zef\u00f3w, zarejestrowana w rejestrze przedsi\u0119biorc\u00f3w \u2013 Krajowym Rejestrze S\u0105dowym prowadzonym przez S\u0105d Rejonowy dla Miasta Sto\u0142ecznego Warszawy w Warszawie, XIII Wydzia\u0142 Gospodarczy Krajowego Rejestru S\u0105dowego, pod numerem KRS 0000574521, NIP: 5213705566 (dalej \u201e<b>Organizator<\/b>\u201d).<\/li>\n<li class=\"p2\">Fundatorem nagr\u00f3d w konkursie jest Organizator.<\/li>\n<li class=\"p2\">Kampania jest przeprowadzana przez Organizatora na terenie Rzeczpospolitej Polskiej.<\/li>\n<li class=\"p2\">Niniejszy Regulamin stanowi podstaw\u0119 prowadzenia Kampanii i okre\u015bla jego warunki oraz prawa i obowi\u0105zki jego uczestnik\u00f3w.<\/li>\n<li class=\"p2\">Kampania realizowana jest w terminie od dnia 01.02.2023 r. do dnia 30.09.2023 r., tj. w tym okresie polecony musi zapisa\u0107 si\u0119 na wizyt\u0119 kwalifikacyjn\u0105 do badania klinicznego.<\/li>\n<li class=\"p2\">Przyst\u0105pienie do Kampanii (spe\u0142nienie warunk\u00f3w, o kt\u00f3rych mowa w pkt. 3.2) jest r\u00f3wnoznaczne z akceptacj\u0105 przez uczestnika niniejszego Regulaminu w ca\u0142o\u015bci. Uczestnik zobowi\u0105zuje si\u0119 do przestrzegania okre\u015blonych w niniejszym Regulaminie zasad, jak r\u00f3wnie\u017c potwierdza, i\u017c spe\u0142nia wszystkie warunki, kt\u00f3re uprawniaj\u0105 go do udzia\u0142u w Kampanii. Uczestnik, kt\u00f3ry nie spe\u0142ni warunk\u00f3w okre\u015blonych w Regulaminie lub naruszy jak\u0105kolwiek zasad\u0119 w nim okre\u015blon\u0105, mo\u017ce by\u0107 w ka\u017cdym czasie wykluczony z udzia\u0142u w Kampanii oraz traci prawo do ewentualnej wygranej.<\/li>\n<li class=\"p2\">Adres e-mail Organizatora, pod kt\u00f3rym mo\u017cna uzyska\u0107 informacje na temat organizacji Kampanii: <a class=\"text-salmon\" href=\"mailto:rekrutacja@badaneo.pl\">rekrutacja@biokinetica.com<\/a><b><\/b><\/li>\n<\/ol>\n<\/li>\n<li class=\"p2\">\n<h4><b>Nagrody<\/b><\/h4>\n<ol>\n<li class=\"p2\">Ka\u017cdemu uprawnionemu do otrzymania nagrody zostanie przekazany bon Sodexo o warto\u015bci 1500 z\u0142.<\/li>\n<li class=\"p2\">Organizator o\u015bwiadcza, i\u017c wszystkie nagrody zostan\u0105 wydane zgodnie z obowi\u0105zuj\u0105cymi przepisami prawa podatkowego (nagrodzony uczestnik otrzyma PIT8C &#8211; do ko\u0144ca lutego 2024).<\/li>\n<li class=\"p2\">Przyznanie nagrody nast\u0105pi po poprawnym wype\u0142nieniu o\u015bwiadczenia podatkowego przez uprawnionego, umo\u017cliwiaj\u0105cego sporz\u0105dzenie deklaracji podatkowej przez Biokinetica S.A. Na podstawie deklaracji podatkowej uprawniony samodzielnie dokona rozliczenia podatkowego i ureguluje zobowi\u0105zanie podatkowe wobec urz\u0119du skarbowego.<\/li>\n<li class=\"p2\">Organizator nie ponosi odpowiedzialno\u015bci za niemo\u017cno\u015b\u0107 odbioru lub nieodebranie kt\u00f3rejkolwiek nagrody, z jakiejkolwiek przyczyny le\u017c\u0105cej po stronie nagrodzonego uczestnika.<\/li>\n<li class=\"p2\">Organizator nie ponosi odpowiedzialno\u015bci za zmian\u0119 miejsca zamieszkania i\/lub podanego przez uczestnika Kampanii adresu lub zmian\u0119 innych danych \u2013 uniemo\u017cliwiaj\u0105c\u0105 kontakt z tym uczestnikiem lub odebranie przez niego nagrody.<\/li>\n<li class=\"p2\">Odbi\u00f3r nagrody odb\u0119dzie si\u0119 osobi\u015bcie przez polecaj\u0105cego w terminie 30 dni od przyznania nagrody przez firm\u0119 Biokinetica S.A. w siedzibie firmy Biokinetica S.A. Termin zostanie podany telefonicznie lub drog\u0105 mailow\u0105 pod rygorem ich przepadni\u0119cia.<\/li>\n<li class=\"p2\">Wszystkie nagrody pozostaj\u0105 w\u0142asno\u015bci\u0105 Organizatora do momentu przekazania ich odpowiednio uprawnionemu do nagrody.<\/li>\n<\/ol>\n<\/li>\n<li class=\"p2\">\n<h4><b>Zasady uczestnictwa w konkursie<\/b><\/h4>\n<ol>\n<li class=\"p2\">Og\u00f3lne zasady Kampanii s\u0105 rozpowszechnione poprzez wiadomo\u015b\u0107 SMS, e-mail oraz przez portal spo\u0142eczno\u015bciowy Facebook, a tak\u017ce na stronie internetowej Organizatora.<\/li>\n<li class=\"p2\">Szczeg\u00f3\u0142owe zasady Kampanii<br \/>\n<strong>Aby wzi\u0105\u0107 udzia\u0142 w Kampanii nale\u017cy:<\/strong><\/p>\n<ul>\n<li class=\"p2\">zapisa\u0107 si\u0119 do bazy danych Biokinetica S.A pod adresem <a class=\"text-salmon\" href=\"https:\/\/biokinetica.com\/zglos-sie-na-badania\/\">https:\/\/biokinetica.com\/zglos-sie-na-badania\/<\/a> wraz z wyra\u017ceniem wszystkich zg\u00f3d na przetwarzanie danych osobowych oraz<\/li>\n<li class=\"p2\">polubi\u0107 fanpage Biokinetica S.A. na portalu spo\u0142eczno\u015bciowym Facebook oraz<\/li>\n<li class=\"p2\">poleci\u0107 nas swoim znajomym<\/li>\n<\/ul>\n<p><strong>Za ka\u017cdego znajomego, kt\u00f3ry:<\/strong><\/p>\n<ul>\n<li class=\"p2\">polubi fanpage Biokinetica S.A. na portalu spo\u0142eczno\u015bciowym Facebook oraz<\/li>\n<li class=\"p2\">zapisze si\u0119 w bazie Biokinetica S.A pod adresem <a class=\"text-salmon\" href=\"https:\/\/biokinetica.com\/zglos-sie-na-badania\/\">https:\/\/biokinetica.com\/zglos-sie-na-badania\/<\/a> i podczas umawiania si\u0119 na wizyt\u0119 poda Twoje nazwisko jako polecaj\u0105cego oraz<\/li>\n<li class=\"p2\">zostanie w\u0142\u0105czony do jednego z bada\u0144<\/li>\n<\/ul>\n<p class=\"p2\">(wszystkie 3 warunki do spe\u0142niania \u0142\u0105cznie na dzie\u0144 w\u0142\u0105czenia do jednego z bada\u0144)<br \/>\notrzymasz bon Sodexo o warto\u015bci 1500z\u0142.<\/p>\n<\/li>\n<li>Ka\u017cdy uczestnik Kampanii mo\u017ce otrzyma\u0107 bon Sodexo za maksymalnie 3 osoby w\u0142\u0105czone do badania z jego polecenia.<\/li>\n<li class=\"p2\">\n<p class=\"p2\">Nad prawid\u0142owym przebiegiem Kampanii czuwa komisja kampanii w sk\u0142adzie:<\/p>\n<ul>\n<li class=\"p2\">\n<p class=\"p2\">Przewodnicz\u0105cy: Kamila \u0141uczy\u0144ska<\/p>\n<\/li>\n<li class=\"p2\">\n<p class=\"p2\">Cz\u0142onek komisji: Agnieszka Kulesza<\/p>\n<\/li>\n<li class=\"p2\">\n<p class=\"p2\">Cz\u0142onek komisji: Marek Kiecana<\/p>\n<\/li>\n<\/ul>\n<\/li>\n<li>Komisja Kampanii potwierdza zgodno\u015b\u0107 przeprowadzenia Kampanii z niniejszym Regulaminem.<\/li>\n<li>Nad prawid\u0142owo\u015bci\u0105 przebiegu Kampanii i pracy komisji Kampanii czuwaj\u0105 w\u0142adze statutowe Organizatora.<\/li>\n<li>Zasady wykorzystania bonu Sodexo odnajdziesz na stronie <a class=\"text-salmon\" href=\"https:\/\/www.sodexo.pl\/regulacje\/\">https:\/\/www.sodexo.pl\/regulacje\/<\/a>. Organizator nie odpowiada za dzia\u0142ania i zaniechania Sodexo i innych podmiot\u00f3w zwi\u0105zane z realizacj\u0105 Bonu.<\/li>\n<li>Nagroda zostanie przyznana na podstawie deklaracji poleconego ochotnika. Informacja o tym czy ochotnik zosta\u0142 polecony i przez kogo b\u0119dzie znajdowa\u0142a si\u0119 w bazie danych Biokinetica S.A w rekordzie osoby poleconej. Po tym jak ochotnik polecony zostanie w\u0142\u0105czony do badania nast\u0105pi przyznanie nagrody polecaj\u0105cemu ochotnikowi, o czym polecaj\u0105cy ochotnik zostanie poinformowany drog\u0105 mailow\u0105 lub telefonicznie, nie p\u00f3\u017aniej jednak ni\u017c w terminie 30 dni od w\u0142\u0105czenia poleconego ochotnika do badania.<\/li>\n<\/ol>\n<\/li>\n<li>\n<h4>Ograniczenie uczestnictwa w konkursie<\/h4>\n<ol>\n<li>\n<p class=\"p2\">Uczestnikami Kampanii mog\u0105 by\u0107 osoby pe\u0142noletnie.<\/p>\n<\/li>\n<li>\n<p class=\"p2\">Uczestnikiem Kampanii jest osoba, kt\u00f3ra spe\u0142ni\u0142a wszystkie warunki okre\u015blone w niniejszym regulaminie. Uczestnikiem Kampanii nie mo\u017ce by\u0107: pracownik oraz wsp\u00f3\u0142pracownik firmy Biokinetica S.A.<\/p>\n<\/li>\n<\/ol>\n<\/li>\n<li>\n<h4 class=\"p2\">Post\u0119powanie reklamacyjne<\/h4>\n<ol>\n<li>\n<p class=\"p2\">Wszelkie zastrze\u017cenia dotycz\u0105ce przebiegu lub rozstrzygni\u0119cia Kampanii, nale\u017cy sk\u0142ada\u0107 Organizatorowi pisemnie na adres: Biokinetica S.A., ul. Nadwi\u015bla\u0144ska 37, J\u00f3zef\u00f3w 05-410, w terminie nie d\u0142u\u017cszym ni\u017c 14 dni roboczych od daty jej zako\u0144czenia. Reklamacja powinna zawiera\u0107: imi\u0119, nazwisko i wszelkie dane umo\u017cliwiaj\u0105ce identyfikacj\u0119 danej osoby jako uczestnika Kampanii, jak r\u00f3wnie\u017c dok\u0142adny wskazanie powodu reklamacji i jego uzasadnienie.<\/p>\n<\/li>\n<li>\n<p class=\"p2\">W przypadku przes\u0142ania reklamacji z\u0142o\u017conej za po\u015brednictwem poczty decyduje data stempla pocztowego.<\/p>\n<\/li>\n<li>\n<p class=\"p2\">Z\u0142o\u017cone przez uczestnik\u00f3w reklamacje b\u0119d\u0105 rozpatrywane a zainteresowani uczestnicy zostan\u0105 powiadomieni o wyniku rozpatrzenia reklamacji na pi\u015bmie przez Organizatora niezw\u0142ocznie, jednak\u017ce nie p\u00f3\u017aniej ni\u017c w terminie 14 dni od daty otrzymania reklamacji.<\/p>\n<\/li>\n<\/ol>\n<\/li>\n<li>\n<h4 class=\"p2\">Postanowienia ko\u0144cowe<\/h4>\n<p>Wi\u0105\u017c\u0105c\u0105 moc prawn\u0105 maj\u0105 wy\u0142\u0105cznie postanowienia niniejszego Regulaminu. Materia\u0142y reklamowe i promocyjne dotycz\u0105ce Kampanii maj\u0105 wy\u0142\u0105cznie charakter informacyjny.<\/li>\n<\/ol><\/div>\n<\/section>\n","protected":false},"excerpt":{"rendered":"<p>Regulamin kampanii \u201eOchotnik poleca ochotnika\u201d Postanowienia og\u00f3lne Regulamin okre\u015bla warunki kampanii: \u201eOchotnik poleca ochotnika\u201d prowadzonej w: serwisie spo\u0142eczno\u015bciowym Facebook Biokinetica oraz rozpowszechnianej w formie wiadomo\u015bci SMS, a tak\u017ce na stronie internetowej Organizatora (dalej \u201eKampania\u201d). Organizatorem kampanii jest Biokinetica S.A z siedzib\u0105 w J\u00f3zefowie, przy ul. Nadwi\u015bla\u0144skiej 37, 05-410 J\u00f3zef\u00f3w, zarejestrowana w rejestrze przedsi\u0119biorc\u00f3w \u2013 Krajowym [&hellip;]<\/p>\n","protected":false},"author":2,"featured_media":0,"parent":0,"menu_order":0,"comment_status":"closed","ping_status":"closed","template":"","meta":[],"_links":{"self":[{"href":"https:\/\/biokinetica.com\/pl\/wp-json\/wp\/v2\/pages\/610"}],"collection":[{"href":"https:\/\/biokinetica.com\/pl\/wp-json\/wp\/v2\/pages"}],"about":[{"href":"https:\/\/biokinetica.com\/pl\/wp-json\/wp\/v2\/types\/page"}],"author":[{"embeddable":true,"href":"https:\/\/biokinetica.com\/pl\/wp-json\/wp\/v2\/users\/2"}],"replies":[{"embeddable":true,"href":"https:\/\/biokinetica.com\/pl\/wp-json\/wp\/v2\/comments?post=610"}],"version-history":[{"count":44,"href":"https:\/\/biokinetica.com\/pl\/wp-json\/wp\/v2\/pages\/610\/revisions"}],"predecessor-version":[{"id":1503,"href":"https:\/\/biokinetica.com\/pl\/wp-json\/wp\/v2\/pages\/610\/revisions\/1503"}],"wp:attachment":[{"href":"https:\/\/biokinetica.com\/pl\/wp-json\/wp\/v2\/media?parent=610"}],"curies":[{"name":"wp","href":"https:\/\/api.w.org\/{rel}","templated":true}]}}